{"id":507166,"date":"2010-07-09T18:07:30","date_gmt":"2010-07-09T16:07:30","guid":{"rendered":"https:\/\/ywamdalarna.se\/gifts"},"modified":"2025-11-06T20:52:36","modified_gmt":"2025-11-06T19:52:36","slug":"gifts","status":"publish","type":"page","link":"https:\/\/ywamdalarna.se\/sv\/gifts","title":{"rendered":"Gifts and fees"},"content":{"rendered":"<p>[et_pb_section fb_built=&#8221;1&#8243; _builder_version=&#8221;4.16&#8243; global_colors_info=&#8221;{}&#8221;][et_pb_row _builder_version=&#8221;4.16&#8243; background_size=&#8221;initial&#8221; background_position=&#8221;top_left&#8221; background_repeat=&#8221;repeat&#8221; global_colors_info=&#8221;{}&#8221;][et_pb_column type=&#8221;4_4&#8243; _builder_version=&#8221;4.16&#8243; custom_padding=&#8221;|||&#8221; global_colors_info=&#8221;{}&#8221; custom_padding__hover=&#8221;|||&#8221;][et_pb_text _builder_version=&#8221;4.27.4&#8243; background_size=&#8221;initial&#8221; background_position=&#8221;top_left&#8221; background_repeat=&#8221;repeat&#8221; hover_enabled=&#8221;0&#8243; global_colors_info=&#8221;{}&#8221; custom_css_free_form=&#8221;<script src=%22https:\/\/donorbox.org\/widget.js%22 paypalExpress=%22true%22><\/script> <iframe src=%22https:\/\/donorbox.org\/embed\/give-to-ywam-dalarna?designation=Area+of+greatest+need%22 name=%22donorbox%22 allowpaymentrequest=%22allowpaymentrequest%22 seamless=%22seamless%22 frameborder=%220%22 scrolling=%22no%22 height=%22900px%22 width=%22100%%22 style=%22max-width: 500px; min-width: 250px; max-height:none!important%22 allow=%22payment%22><\/iframe>&#8221; sticky_enabled=&#8221;0&#8243;]<\/p>\n<form action=\"https:\/\/www.paypal.com\/cgi-bin\/webscr\" method=\"post\">\n<h2 style=\"text-align: center;\">DTS Sponsorship, Application Fees, seminar fees and similar payments in Swedish Crowns&#8230;<\/h2>\n<h6 style=\"text-align: center;\"><em><span style=\"color: #ff0000;\"><strong>For students: The non-refundable DTS Application fee of 500 SEK is part of your total school fee and is required for us to process your application.<\/strong><\/span><\/em><\/h6>\n<hr \/>\n<p>(If you are in Sweden, please use Swish \/ PG or BG payment to save us paying extra \u00a0processing fees)<\/p>\n<table>\n<tbody>\n<tr>\n<td>\n<h3><input name=\"on0\" type=\"hidden\" value=\"Payment for...\" \/>Make a payment for&#8230;<\/h3>\n<\/td>\n<\/tr>\n<tr>\n<td>\n<h1><select name=\"os0\"><option value=\"Student sponsorship\">Student Sponsorship<\/option><option value=\"Registration Fee\">Registration Fee<\/option><option value=\"Course Fees\">Course Fees<\/option><option value=\"Reimbursement\">Reimbursement<\/option><option value=\"Other\">Other<\/option><\/select><\/h1>\n<\/td>\n<\/tr>\n<\/tbody>\n<\/table>\n<h1><input alt=\"PayPal - The safer, easier way to pay online!\" name=\"submit\" src=\"https:\/\/www.paypalobjects.com\/WEBSCR-640-20110429-1\/en_US\/i\/btn\/btn_buynowCC_LG.gif\" type=\"image\" \/> <img loading=\"lazy\" decoding=\"async\" src=\"https:\/\/www.paypalobjects.com\/WEBSCR-640-20110429-1\/en_US\/i\/scr\/pixel.gif\" alt=\"\" width=\"1\" height=\"1\" border=\"0\" \/><\/h1>\n<\/form>\n<h2>\u00a0<\/h2>\n<h2>\u00a0<\/h2>\n<h2>Gifts<\/h2>\n<p>YWAM Dalarna needs your support and we want to thank you for considering making an &#8217;investment&#8217; in our work . All gifts will go directly to the intended purpose and will be confirmed by us. YWAM staff do not receive a salary from YWAM and we keep our overheads to a minimum so you can be assured your gift will not be wasted.<\/p>\n<h3>Donate to the ministry of YWAM Dalarna<\/h3>\n<form action=\"https:\/\/www.paypal.com\/cgi-bin\/webscr\" method=\"post\">\n<p><input name=\"cmd\" type=\"hidden\" value=\"_donations\" \/><img loading=\"lazy\" decoding=\"async\" class=\" wp-image-506571 alignleft\" src=\"http:\/\/ywamdalarna.se\/wp\/wp-content\/uploads\/paypal.jpeg\" alt=\"paypal\" width=\"180\" height=\"87\" srcset=\"https:\/\/ywamdalarna.se\/wp\/wp-content\/uploads\/paypal.jpeg 322w, https:\/\/ywamdalarna.se\/wp\/wp-content\/uploads\/paypal-150x73.jpeg 150w, https:\/\/ywamdalarna.se\/wp\/wp-content\/uploads\/paypal-300x145.jpeg 300w\" sizes=\"(max-width: 180px) 100vw, 180px\" \/> <input name=\"business\" type=\"hidden\" value=\"dalarna@ywam.se\" \/> <input name=\"lc\" type=\"hidden\" value=\"US\" \/><\/p>\n<div><input name=\"no_note\" type=\"hidden\" value=\"0\" \/> <label for=\"donationCurrency\">Select currency<\/label><select id=\"donationCurrency\" name=\"currency_code\"><option title=\"$\" selected=\"selected\" value=\"USD\">USD<\/option><option title=\"$\" value=\"AUD\">AUD<\/option><option title=\"R$\" value=\"BRL\">BRL<\/option><option title=\"\u00a3\" value=\"GBP\">GBP<\/option><option title=\"$\" value=\"CAD\">CAD<\/option><option title=\"\" value=\"CZK\">CZK<\/option><option title=\"\" value=\"DKK\">DKK<\/option><option title=\"\u20ac\" value=\"EUR\">EUR<\/option><option title=\"$\" value=\"HKD\">HKD<\/option><option title=\"\" value=\"HUF\">HUF<\/option><option title=\"\u20aa\" value=\"ILS\">ILS<\/option><option title=\"\u00a5\" value=\"JPY\">JPY<\/option><option title=\"$\" value=\"MXN\">MXN<\/option><option title=\"NT$\" value=\"TWD\">TWD<\/option><option title=\"$\" value=\"NZD\">NZD<\/option><option title=\"\" value=\"NOK\">NOK<\/option><option title=\"P\" value=\"PHP\">PHP<\/option><option title=\"\" value=\"PLN\">PLN<\/option><option title=\"$\" value=\"SGD\">SGD<\/option><option title=\"\" value=\"SEK\">SEK<\/option><option title=\"\" value=\"CHF\">CHF<\/option><option title=\"\u0e3f\" value=\"THB\">THB<\/option><\/select><\/div>\n<p><input name=\"bn\" type=\"hidden\" value=\"PP-DonationsBF:btn_donate_SM.gif:NonHostedGuest\" \/> <input alt=\"PayPal - The safer, easier way to pay online!\" name=\"submit\" src=\"https:\/\/www.paypalobjects.com\/en_US\/i\/btn\/btn_donate_SM.gif\" type=\"image\" \/> <img loading=\"lazy\" decoding=\"async\" src=\"https:\/\/www.paypalobjects.com\/en_US\/i\/scr\/pixel.gif\" alt=\"\" width=\"1\" height=\"1\" border=\"0\" \/><\/p>\n<\/form>\n<p><em><strong>Swedish Plusgirot payments can be made to our PG account 20 50 13-6<\/strong><\/em> If you wish to designate (earmark for a project or specific cause) your donation please also email us. Email us at <a>dalarna(at)ywam.se <\/a> Personal support donations can also be made from this page towards any YWAM staff member as long as you clearly indicate this by email. If your donation is towards a YWAM staff worker in another location we will need full details to be provided.<\/p>\n<form action=\"https:\/\/www.paypal.com\/cgi-bin\/webscr\" method=\"post\">\n<h1><input name=\"cmd\" type=\"hidden\" value=\"_s-xclick\" \/><\/h1>\n<h2 style=\"text-align: center;\"><input name=\"hosted_button_id\" type=\"hidden\" value=\"3X75VTABARTWW\" \/><\/h2>\n<\/form>\n<p>Thanks again for your support of Youth With a Mission, its workers and ministry! Blessings! Mike Stevens Director YWAM Dalarna[:se]YWAM Dalarna beh\u00f6ver ditt underst\u00f6d och vi vill tacka dig f\u00f6r att du funderar p\u00e5 att &#8217;investera&#8217; i v\u00e5rt arbete. Alla g\u00e5vor g\u00e5r direkt till det f\u00f6rutbest\u00e4mda syftet och du f\u00e5r en bekr\u00e4ftelse av oss n\u00e4r vi tagit emot din g\u00e5va. Medarbetare inom YWAM \u00e4r volunt\u00e4r och h\u00e4r\u00a0ingen l\u00f6n i fr\u00e5n YWAM\u00a0och vi h\u00e5ller nere v\u00e5ra kostnader s\u00e5 vi kan f\u00f6rs\u00e4kra dig om att vi inte kommer sl\u00f6sa bort din g\u00e5va. Du kan ocks\u00e5 &#8217;\u00f6ronm\u00e4rka&#8217; en g\u00e5va till sponsring av skolavgifter! Bara skriv p\u00e5 inbetalningen.<\/p>\n<h4>Svensk inbetalningar kan g\u00f6ras \u00a0till PG\/BG\/Swish eller via iZettle (hos oss) <strong>PlusGirot -nummer: 20 50 13-6 eller BankGirot -nummer 5365-3184<\/strong><\/h4>\n<p><img loading=\"lazy\" decoding=\"async\" class=\" wp-image-506541\" src=\"http:\/\/ywamdalarna.se\/wp\/wp-content\/uploads\/Swish_980x120_budskap5.png\" alt=\"Swish 123 389 46 80\" width=\"704\" height=\"132\" \/><\/p>\n<h3><strong>Swisha till YWAM: 123 389 46 80<\/strong><\/h3>\n<h3>Om du vill \u00f6ronm\u00e4rka din g\u00e5va till n\u00e5got speciellt (en verksamhet, ett projekt, en medarbetare eller liknande) s\u00e5 maila oss p\u00e5 <a>dalarna(at)ywam.se<\/a> och ber\u00e4tta vart du vill att din g\u00e5va skall g\u00e5.<\/h3>\n<h3>Nu kan du \u00e4ven ge en g\u00e5va till oss och v\u00e5rt arbete online via PayPal!<\/h3>\n<form action=\"https:\/\/www.paypal.com\/cgi-bin\/webscr\" method=\"post\">\n<p><input name=\"cmd\" type=\"hidden\" value=\"_donations\" \/> <input name=\"business\" type=\"hidden\" value=\"dalarna@ywam.se\" \/> <input name=\"lc\" type=\"hidden\" value=\"US\" \/><\/p>\n<div><input name=\"no_note\" type=\"hidden\" value=\"0\" \/><img loading=\"lazy\" decoding=\"async\" class=\" wp-image-506571 alignleft\" src=\"http:\/\/ywamdalarna.se\/wp\/wp-content\/uploads\/paypal.jpeg\" alt=\"paypal\" width=\"180\" height=\"87\" srcset=\"https:\/\/ywamdalarna.se\/wp\/wp-content\/uploads\/paypal.jpeg 322w, https:\/\/ywamdalarna.se\/wp\/wp-content\/uploads\/paypal-150x73.jpeg 150w, https:\/\/ywamdalarna.se\/wp\/wp-content\/uploads\/paypal-300x145.jpeg 300w\" sizes=\"(max-width: 180px) 100vw, 180px\" \/> <label for=\"donationCurrency\">Select currency<\/label><select id=\"donationCurrency\" name=\"currency_code\"><option title=\"$\" selected=\"selected\" value=\"USD\">USD<\/option><option title=\"$\" value=\"AUD\">AUD<\/option><option title=\"R$\" value=\"BRL\">BRL<\/option><option title=\"\u00a3\" value=\"GBP\">GBP<\/option><option title=\"$\" value=\"CAD\">CAD<\/option><option title=\"\" value=\"CZK\">CZK<\/option><option title=\"\" value=\"DKK\">DKK<\/option><option title=\"\u20ac\" value=\"EUR\">EUR<\/option><option title=\"$\" value=\"HKD\">HKD<\/option><option title=\"\" value=\"HUF\">HUF<\/option><option title=\"\u20aa\" value=\"ILS\">ILS<\/option><option title=\"\u00a5\" value=\"JPY\">JPY<\/option><option title=\"$\" value=\"MXN\">MXN<\/option><option title=\"NT$\" value=\"TWD\">TWD<\/option><option title=\"$\" value=\"NZD\">NZD<\/option><option title=\"\" value=\"NOK\">NOK<\/option><option title=\"P\" value=\"PHP\">PHP<\/option><option title=\"\" value=\"PLN\">PLN<\/option><option title=\"$\" value=\"SGD\">SGD<\/option><option title=\"\" value=\"SEK\">SEK<\/option><option title=\"\" value=\"CHF\">CHF<\/option><option title=\"\u0e3f\" value=\"THB\">THB<\/option><\/select><\/div>\n<p><input name=\"bn\" type=\"hidden\" value=\"PP-DonationsBF:btn_donate_SM.gif:NonHostedGuest\" \/> <input alt=\"PayPal - The safer, easier way to pay online!\" name=\"submit\" src=\"https:\/\/www.paypalobjects.com\/en_US\/i\/btn\/btn_donate_SM.gif\" type=\"image\" \/> <img loading=\"lazy\" decoding=\"async\" src=\"https:\/\/www.paypalobjects.com\/en_US\/i\/scr\/pixel.gif\" alt=\"\" width=\"1\" height=\"1\" border=\"0\" \/><\/p>\n<\/form>\n<p>Det \u00e4r fullt m\u00f6jligt att ge en personlig g\u00e5va till medarbetare p\u00e5 andra platser inom YWAM s\u00e5 l\u00e4nge du meddelar detta tydligt via mail till oss. Om du vill ge en g\u00e5va till en medarbetare inom UMU p\u00e5 en annan plats s\u00e5 beh\u00f6ver du skicka fullst\u00e4ndig information om vem det \u00e4r. Tack \u00e4n en g\u00e5ng f\u00f6r ditt st\u00f6d till Ungdom Med Uppgift (Youth With a Mission), dess medarbetare och verksamhet! Guds rika v\u00e4lsignelse! Mike Stevens Basledare YWAM Dalarna [:]<\/p>\n<p>[\/et_pb_text][\/et_pb_column][\/et_pb_row][\/et_pb_section]<\/p>\n","protected":false},"excerpt":{"rendered":"<p>DTS Sponsorship, Application Fees, seminar fees and similar payments in Swedish Crowns&#8230; For students: The non-refundable DTS Application fee of 500 SEK is part of your total school fee and is required for us to process your application. (If you are in Sweden, please use Swish \/ PG or BG payment to save us paying [&hellip;]<\/p>\n","protected":false},"author":1,"featured_media":0,"parent":0,"menu_order":6,"comment_status":"closed","ping_status":"closed","template":"","meta":{"_et_pb_use_builder":"on","_et_pb_old_content":"<form action=\"https:\/\/www.paypal.com\/cgi-bin\/webscr\" method=\"post\"><h2 style=\"text-align: center;\">DTS Sponsorship, Application Fees, seminar fees and similar payments in Swedish Crowns...<\/h2><h6 style=\"text-align: center;\"><em><span style=\"color: #ff0000;\"><strong>For students: The non-refundable DTS Application fee of 500 SEK is part of your total school fee and is required for us to process your application.<\/strong><\/span><\/em><\/h6><hr \/><p>(If you are in Sweden, please use Swish \/ PG or BG payment to save us paying extra \u00a0processing fees)<\/p><table><tbody><tr><td><h3><input name=\"on0\" type=\"hidden\" value=\"Payment for...\" \/>Make a payment for...<\/h3><\/td><\/tr><tr><td><h1><select name=\"os0\"><option value=\"Student sponsorship\">Student Sponsorship<\/option><option value=\"Registration Fee\">Registration Fee<\/option><option value=\"Course Fees\">Course Fees<\/option><option value=\"Reimbursement\">Reimbursement<\/option><option value=\"Other\">Other<\/option><\/select><\/h1><\/td><\/tr><\/tbody><\/table><h1><input alt=\"PayPal - The safer, easier way to pay online!\" name=\"submit\" src=\"https:\/\/www.paypalobjects.com\/WEBSCR-640-20110429-1\/en_US\/i\/btn\/btn_buynowCC_LG.gif\" type=\"image\" \/> <img src=\"https:\/\/www.paypalobjects.com\/WEBSCR-640-20110429-1\/en_US\/i\/scr\/pixel.gif\" alt=\"\" width=\"1\" height=\"1\" border=\"0\" \/><\/h1><\/form><h2>\u00a0<\/h2><h2>\u00a0<\/h2><h2>Gifts<\/h2><p>YWAM Dalarna needs your support and we want to thank you for considering making an 'investment' in our work . All gifts will go directly to the intended purpose and will be confirmed by us. YWAM staff do not receive a salary from YWAM and we keep our overheads to a minimum so you can be assured your gift will not be wasted.<\/p><h3>Donate to the ministry of YWAM Dalarna<\/h3><form action=\"https:\/\/www.paypal.com\/cgi-bin\/webscr\" method=\"post\"><p><input name=\"cmd\" type=\"hidden\" value=\"_donations\" \/><img class=\" wp-image-506571 alignleft\" src=\"http:\/\/ywamdalarna.se\/wp\/wp-content\/uploads\/paypal.jpeg\" alt=\"paypal\" width=\"180\" height=\"87\" \/> <input name=\"business\" type=\"hidden\" value=\"dalarna@ywam.se\" \/> <input name=\"lc\" type=\"hidden\" value=\"US\" \/><\/p><div><input name=\"no_note\" type=\"hidden\" value=\"0\" \/> <label for=\"donationCurrency\">Select currency<\/label><select id=\"donationCurrency\" name=\"currency_code\"><option title=\"$\" selected=\"selected\" value=\"USD\">USD<\/option><option title=\"$\" value=\"AUD\">AUD<\/option><option title=\"R$\" value=\"BRL\">BRL<\/option><option title=\"\u00a3\" value=\"GBP\">GBP<\/option><option title=\"$\" value=\"CAD\">CAD<\/option><option title=\"\" value=\"CZK\">CZK<\/option><option title=\"\" value=\"DKK\">DKK<\/option><option title=\"\u20ac\" value=\"EUR\">EUR<\/option><option title=\"$\" value=\"HKD\">HKD<\/option><option title=\"\" value=\"HUF\">HUF<\/option><option title=\"\u20aa\" value=\"ILS\">ILS<\/option><option title=\"\u00a5\" value=\"JPY\">JPY<\/option><option title=\"$\" value=\"MXN\">MXN<\/option><option title=\"NT$\" value=\"TWD\">TWD<\/option><option title=\"$\" value=\"NZD\">NZD<\/option><option title=\"\" value=\"NOK\">NOK<\/option><option title=\"P\" value=\"PHP\">PHP<\/option><option title=\"\" value=\"PLN\">PLN<\/option><option title=\"$\" value=\"SGD\">SGD<\/option><option title=\"\" value=\"SEK\">SEK<\/option><option title=\"\" value=\"CHF\">CHF<\/option><option title=\"\u0e3f\" value=\"THB\">THB<\/option><\/select><\/div><p><input name=\"bn\" type=\"hidden\" value=\"PP-DonationsBF:btn_donate_SM.gif:NonHostedGuest\" \/> <input alt=\"PayPal - The safer, easier way to pay online!\" name=\"submit\" src=\"https:\/\/www.paypalobjects.com\/en_US\/i\/btn\/btn_donate_SM.gif\" type=\"image\" \/> <img src=\"https:\/\/www.paypalobjects.com\/en_US\/i\/scr\/pixel.gif\" alt=\"\" width=\"1\" height=\"1\" border=\"0\" \/><\/p><\/form><p><em><strong>Swedish Plusgirot payments can be made to our PG account 20 50 13-6<\/strong><\/em> If you wish to designate (earmark for a project or specific cause) your donation please also email us. Email us at <a>dalarna(at)ywam.se <\/a> Personal support donations can also be made from this page towards any YWAM staff member as long as you clearly indicate this by email. If your donation is towards a YWAM staff worker in another location we will need full details to be provided.<\/p><form action=\"https:\/\/www.paypal.com\/cgi-bin\/webscr\" method=\"post\"><h1><input name=\"cmd\" type=\"hidden\" value=\"_s-xclick\" \/><\/h1><h2 style=\"text-align: center;\"><input name=\"hosted_button_id\" type=\"hidden\" value=\"3X75VTABARTWW\" \/><\/h2><\/form><p>Thanks again for your support of Youth With a Mission, its workers and ministry! Blessings! Mike Stevens Director YWAM Dalarna[:se]YWAM Dalarna beh\u00f6ver ditt underst\u00f6d och vi vill tacka dig f\u00f6r att du funderar p\u00e5 att 'investera' i v\u00e5rt arbete. Alla g\u00e5vor g\u00e5r direkt till det f\u00f6rutbest\u00e4mda syftet och du f\u00e5r en bekr\u00e4ftelse av oss n\u00e4r vi tagit emot din g\u00e5va. Medarbetare inom YWAM \u00e4r volunt\u00e4r och h\u00e4r\u00a0ingen l\u00f6n i fr\u00e5n YWAM\u00a0och vi h\u00e5ller nere v\u00e5ra kostnader s\u00e5 vi kan f\u00f6rs\u00e4kra dig om att vi inte kommer sl\u00f6sa bort din g\u00e5va. Du kan ocks\u00e5 '\u00f6ronm\u00e4rka' en g\u00e5va till sponsring av skolavgifter! Bara skriv p\u00e5 inbetalningen.<\/p><h4>Svensk inbetalningar kan g\u00f6ras \u00a0till PG\/BG\/Swish eller via iZettle (hos oss) <strong>PlusGirot -nummer: 20 50 13-6 eller BankGirot -nummer 5365-3184<\/strong><\/h4><p><img class=\" wp-image-506541\" src=\"http:\/\/ywamdalarna.se\/wp\/wp-content\/uploads\/Swish_980x120_budskap5.png\" alt=\"Swish 123 389 46 80\" width=\"704\" height=\"132\" \/><\/p><h3><strong>Swisha till YWAM: 123 389 46 80<\/strong><\/h3><h3>Om du vill \u00f6ronm\u00e4rka din g\u00e5va till n\u00e5got speciellt (en verksamhet, ett projekt, en medarbetare eller liknande) s\u00e5 maila oss p\u00e5 <a>dalarna(at)ywam.se<\/a> och ber\u00e4tta vart du vill att din g\u00e5va skall g\u00e5.<\/h3><h3>Nu kan du \u00e4ven ge en g\u00e5va till oss och v\u00e5rt arbete online via PayPal!<\/h3><form action=\"https:\/\/www.paypal.com\/cgi-bin\/webscr\" method=\"post\"><p><input name=\"cmd\" type=\"hidden\" value=\"_donations\" \/> <input name=\"business\" type=\"hidden\" value=\"dalarna@ywam.se\" \/> <input name=\"lc\" type=\"hidden\" value=\"US\" \/><\/p><div><input name=\"no_note\" type=\"hidden\" value=\"0\" \/><img class=\" wp-image-506571 alignleft\" src=\"http:\/\/ywamdalarna.se\/wp\/wp-content\/uploads\/paypal.jpeg\" alt=\"paypal\" width=\"180\" height=\"87\" \/> <label for=\"donationCurrency\">Select currency<\/label><select id=\"donationCurrency\" name=\"currency_code\"><option title=\"$\" selected=\"selected\" value=\"USD\">USD<\/option><option title=\"$\" value=\"AUD\">AUD<\/option><option title=\"R$\" value=\"BRL\">BRL<\/option><option title=\"\u00a3\" value=\"GBP\">GBP<\/option><option title=\"$\" value=\"CAD\">CAD<\/option><option title=\"\" value=\"CZK\">CZK<\/option><option title=\"\" value=\"DKK\">DKK<\/option><option title=\"\u20ac\" value=\"EUR\">EUR<\/option><option title=\"$\" value=\"HKD\">HKD<\/option><option title=\"\" value=\"HUF\">HUF<\/option><option title=\"\u20aa\" value=\"ILS\">ILS<\/option><option title=\"\u00a5\" value=\"JPY\">JPY<\/option><option title=\"$\" value=\"MXN\">MXN<\/option><option title=\"NT$\" value=\"TWD\">TWD<\/option><option title=\"$\" value=\"NZD\">NZD<\/option><option title=\"\" value=\"NOK\">NOK<\/option><option title=\"P\" value=\"PHP\">PHP<\/option><option title=\"\" value=\"PLN\">PLN<\/option><option title=\"$\" value=\"SGD\">SGD<\/option><option title=\"\" value=\"SEK\">SEK<\/option><option title=\"\" value=\"CHF\">CHF<\/option><option title=\"\u0e3f\" value=\"THB\">THB<\/option><\/select><\/div><p><input name=\"bn\" type=\"hidden\" value=\"PP-DonationsBF:btn_donate_SM.gif:NonHostedGuest\" \/> <input alt=\"PayPal - The safer, easier way to pay online!\" name=\"submit\" src=\"https:\/\/www.paypalobjects.com\/en_US\/i\/btn\/btn_donate_SM.gif\" type=\"image\" \/> <img src=\"https:\/\/www.paypalobjects.com\/en_US\/i\/scr\/pixel.gif\" alt=\"\" width=\"1\" height=\"1\" border=\"0\" \/><\/p><\/form><p>Det \u00e4r fullt m\u00f6jligt att ge en personlig g\u00e5va till medarbetare p\u00e5 andra platser inom YWAM s\u00e5 l\u00e4nge du meddelar detta tydligt via mail till oss. Om du vill ge en g\u00e5va till en medarbetare inom UMU p\u00e5 en annan plats s\u00e5 beh\u00f6ver du skicka fullst\u00e4ndig information om vem det \u00e4r. Tack \u00e4n en g\u00e5ng f\u00f6r ditt st\u00f6d till Ungdom Med Uppgift (Youth With a Mission), dess medarbetare och verksamhet! Guds rika v\u00e4lsignelse! Mike Stevens Basledare YWAM Dalarna [:]<\/p>","_et_gb_content_width":"","footnotes":""},"class_list":["post-507166","page","type-page","status-publish","hentry"],"_links":{"self":[{"href":"https:\/\/ywamdalarna.se\/sv\/wp-json\/wp\/v2\/pages\/507166","targetHints":{"allow":["GET"]}}],"collection":[{"href":"https:\/\/ywamdalarna.se\/sv\/wp-json\/wp\/v2\/pages"}],"about":[{"href":"https:\/\/ywamdalarna.se\/sv\/wp-json\/wp\/v2\/types\/page"}],"author":[{"embeddable":true,"href":"https:\/\/ywamdalarna.se\/sv\/wp-json\/wp\/v2\/users\/1"}],"replies":[{"embeddable":true,"href":"https:\/\/ywamdalarna.se\/sv\/wp-json\/wp\/v2\/comments?post=507166"}],"version-history":[{"count":5,"href":"https:\/\/ywamdalarna.se\/sv\/wp-json\/wp\/v2\/pages\/507166\/revisions"}],"predecessor-version":[{"id":508029,"href":"https:\/\/ywamdalarna.se\/sv\/wp-json\/wp\/v2\/pages\/507166\/revisions\/508029"}],"wp:attachment":[{"href":"https:\/\/ywamdalarna.se\/sv\/wp-json\/wp\/v2\/media?parent=507166"}],"curies":[{"name":"wp","href":"https:\/\/api.w.org\/{rel}","templated":true}]}}